{"id":2534,"date":"2025-06-11T07:24:27","date_gmt":"2025-06-11T07:24:27","guid":{"rendered":"https:\/\/laherradahome.es\/privacy-policy\/"},"modified":"2025-10-31T09:33:49","modified_gmt":"2025-10-31T09:33:49","slug":"privacy-policy","status":"publish","type":"page","link":"https:\/\/laherradahome.es\/en\/privacy-policy\/","title":{"rendered":"Privacy Policy"},"content":{"rendered":"\t\t<div data-elementor-type=\"wp-page\" data-elementor-id=\"2534\" class=\"elementor elementor-2534 elementor-2525\" data-elementor-post-type=\"page\">\n\t\t\t\t<div class=\"elementor-element elementor-element-d687f1c e-flex e-con-boxed wpr-particle-no wpr-jarallax-no wpr-parallax-no wpr-sticky-section-no e-con e-parent\" data-id=\"d687f1c\" data-element_type=\"container\">\n\t\t\t\t\t<div class=\"e-con-inner\">\n\t\t\t\t<div class=\"elementor-element elementor-element-7a405fb9 elementor-widget elementor-widget-text-editor\" data-id=\"7a405fb9\" data-element_type=\"widget\" data-widget_type=\"text-editor.default\">\n\t\t\t\t<div class=\"elementor-widget-container\">\n\t\t\t\t\t\t\t\t\t<p data-start=\"101\" data-end=\"442\"><strong data-start=\"101\" data-end=\"127\">PRIVACY POLICY<\/strong><br data-start=\"127\" data-end=\"130\">The responsible for this website is: <strong data-start=\"168\" data-end=\"195\">Gesti\u00f3n de Activos Inmobiliarios La Herrada SL<\/strong>, with CIF B44812063, and registered office at <strong data-start=\"242\" data-end=\"266\">Calle La Herrada, 88.<\/strong> In the event that personal data is provided, this data will be collected and used in accordance with the limitations and rights set out in the aforementioned regulation. <\/p>\n<hr data-start=\"444\" data-end=\"447\">\n<p data-start=\"449\" data-end=\"509\"><strong data-start=\"449\" data-end=\"507\">Who is responsible for processing your data?<\/strong><\/p>\n<ul data-start=\"510\" data-end=\"704\">\n<li data-start=\"510\" data-end=\"552\">\n<p data-start=\"512\" data-end=\"552\"><strong data-start=\"512\" data-end=\"526\">Identity: <\/strong><span data-start=\"168\" data-end=\"195\" style=\"font-weight: bolder;\">Gesti\u00f3n de Activos Inmobiliarios La Herrada SL.<\/span><\/p>\n<\/li>\n<li data-start=\"553\" data-end=\"575\">\n<p data-start=\"555\" data-end=\"575\"><strong data-start=\"555\" data-end=\"563\">VAT NUMBER:<\/strong> B44812063<\/p>\n<\/li>\n<li data-start=\"576\" data-end=\"622\">\n<p data-start=\"578\" data-end=\"622\"><strong data-start=\"578\" data-end=\"599\">Postal address:<\/strong> Calle La Herrada, 88<\/p>\n<\/li>\n<li data-start=\"623\" data-end=\"656\">\n<p data-start=\"625\" data-end=\"656\"><strong data-start=\"625\" data-end=\"638\">Phone number:<\/strong> +34 696 910 397<\/p>\n<\/li>\n<li data-start=\"657\" data-end=\"704\">\n<p data-start=\"659\" data-end=\"704\"><strong data-start=\"659\" data-end=\"682\">E-mail:<\/strong> <a rel=\"noopener\" data-start=\"683\" data-end=\"704\">hola@laherradahome.es<\/a><\/p>\n<\/li>\n<\/ul>\n<hr data-start=\"706\" data-end=\"709\">\n<p data-start=\"711\" data-end=\"1027\"><strong data-start=\"711\" data-end=\"764\">For what purposes do we process your personal data?<\/strong><br data-start=\"764\" data-end=\"767\">At&nbsp;<span style=\"font-weight: 700;\">Gesti\u00f3n de Activos Inmobiliarios La Herrada SL<\/span> use your personal data only to respond to requests submitted by you from the means provided on our website. The treatment that we will make will be only to attend to the consultations that you make to us. <\/p>\n<hr data-start=\"1029\" data-end=\"1032\">\n<p data-start=\"1034\" data-end=\"1324\"><strong data-start=\"1034\" data-end=\"1096\">What is the legal basis for processing your data?<\/strong><br data-start=\"1096\" data-end=\"1099\">The legal basis for processing your data is informed consent to respond to the inquiries submitted through the website, which implies the data subject&#8217;s acceptance of these conditions.<\/p>\n<hr data-start=\"1326\" data-end=\"1329\">\n<p data-start=\"1331\" data-end=\"1463\"><strong data-start=\"1331\" data-end=\"1381\">Who will your data be shared with?<\/strong><br data-start=\"1381\" data-end=\"1384\">Personal data will not be shared with third parties, except when required by law.<\/p>\n<hr data-start=\"1465\" data-end=\"1468\">\n<p data-start=\"1470\" data-end=\"1675\"><strong data-start=\"1470\" data-end=\"1517\">How long will we keep your data?<\/strong><br data-start=\"1517\" data-end=\"1520\">The data will be retained for the time necessary to respond to inquiries, and subsequently for 12 months to prevent potential errors or misunderstandings.<\/p>\n<hr data-start=\"1677\" data-end=\"1680\">\n<p data-start=\"1682\" data-end=\"2181\"><strong data-start=\"1682\" data-end=\"1741\">What are your rights when you provide us with your data?<\/strong><br data-start=\"1741\" data-end=\"1744\">You have the right to obtain confirmation as to whether in&nbsp;<span style=\"font-weight: 700;\">Gesti\u00f3n de Activos Inmobiliarios La Herrada SL<\/span> we are processing personal data concerning you or not. You also have the right to access your personal data, as well as to request the rectification of inaccurate data or, where appropriate, request their deletion when, among other reasons, the data are no longer necessary for the purposes for which they were collected, as well as request the portability of the same. <\/p>\n<p data-start=\"2183\" data-end=\"2471\">In certain circumstances, you may request the restriction of the processing of your data, in which case we will only retain it for the exercise or defense of legal claims. For reasons related to your particular situation, you may also object to the processing of your data. <\/p>\n<p data-start=\"2473\" data-end=\"2714\"><span style=\"font-weight: 700;\">Gesti\u00f3n de Activos Inmobiliarios La Herrada SL<\/span> will stop processing the data, except for compelling legitimate reasons, or the exercise or defense of possible claims. Remember that at any time you can file a complaint with the supervisory authority. <\/p>\n<hr data-start=\"2716\" data-end=\"2719\">\n<p data-start=\"2721\" data-end=\"2912\"><strong data-start=\"2721\" data-end=\"2756\">How did we obtain your data?<\/strong><br data-start=\"2756\" data-end=\"2759\">The personal data we process has been provided directly by you through the various forms available on the website.<\/p>\n<p data-start=\"2914\" data-end=\"2989\">Only the identification and contact data you have provided will be processed.<\/p>\t\t\t\t\t\t\t\t<\/div>\n\t\t\t\t<\/div>\n\t\t\t\t\t<\/div>\n\t\t\t\t<\/div>\n\t\t\t\t<\/div>\n\t\t","protected":false},"excerpt":{"rendered":"<p>PRIVACY POLICYThe responsible for this website is: Gesti\u00f3n de Activos Inmobiliarios La Herrada SL, with CIF B44812063, and registered office at Calle La Herrada, 88. In the event that personal data is provided, this data will be collected and used in accordance with the limitations and rights set out in the aforementioned regulation. Who is responsible for processing your data? Identity: Gesti\u00f3n de Activos Inmobiliarios La Herrada SL. VAT NUMBER: B44812063 Postal address: Calle La Herrada, 88 Phone number: +34 696 910 397 E-mail: hola@laherradahome.es For what purposes do we process your personal data?At&nbsp;Gesti\u00f3n de Activos Inmobiliarios La Herrada SL use your personal data only to respond to requests submitted by you from the means provided on our website. The treatment that we will make will be only to attend to the consultations that you make to us. What is the legal basis for processing your data?The legal basis for processing your data is informed consent to respond to the inquiries submitted through the website, which implies the data subject&#8217;s acceptance of these conditions. Who will your data be shared with?Personal data will not be shared with third parties, except when required by law. How long will we keep your data?The data will be retained for the time necessary to respond to inquiries, and subsequently for 12 months to prevent potential errors or misunderstandings. What are your rights when you provide us with your data?You have the right to obtain confirmation as to whether in&nbsp;Gesti\u00f3n de Activos Inmobiliarios La Herrada SL we are processing personal data concerning you or not. You also have the right to access your personal data, as well as to request the rectification of inaccurate data or, where appropriate, request their deletion when, among other reasons, the data are no longer necessary for the purposes for which they were collected, as well as request the portability of the same. In certain circumstances, you may request the restriction of the processing of your data, in which case we will only retain it for the exercise or defense of legal claims. For reasons related to your particular situation, you may also object to the processing of your data. Gesti\u00f3n de Activos Inmobiliarios La Herrada SL will stop processing the data, except for compelling legitimate reasons, or the exercise or defense of possible claims. Remember that at any time you can file a complaint with the supervisory authority. How did we obtain your data?The personal data we process has been provided directly by you through the various forms available on the website. Only the identification and contact data you have provided will be processed.<\/p>\n","protected":false},"author":1,"featured_media":0,"parent":0,"menu_order":0,"comment_status":"closed","ping_status":"closed","template":"elementor_header_footer","meta":{"footnotes":""},"class_list":["post-2534","page","type-page","status-publish","hentry"],"yoast_head":"<!-- This site is optimized with the Yoast SEO plugin v25.1 - https:\/\/yoast.com\/wordpress\/plugins\/seo\/ -->\n<title>Privacy Policy - La Herrada Home<\/title>\n<meta name=\"robots\" content=\"index, follow, max-snippet:-1, max-image-preview:large, max-video-preview:-1\" \/>\n<link rel=\"canonical\" href=\"https:\/\/laherradahome.es\/en\/privacy-policy\/\" \/>\n<meta property=\"og:locale\" content=\"en_US\" \/>\n<meta property=\"og:type\" content=\"article\" \/>\n<meta property=\"og:title\" content=\"Privacy Policy - La Herrada Home\" \/>\n<meta property=\"og:description\" content=\"PRIVACY POLICYThe responsible for this website is: Gesti\u00f3n de Activos Inmobiliarios La Herrada SL, with CIF B44812063, and registered office at Calle La Herrada, 88. In the event that personal data is provided, this data will be collected and used in accordance with the limitations and rights set out in the aforementioned regulation. Who is responsible for processing your data? Identity: Gesti\u00f3n de Activos Inmobiliarios La Herrada SL. VAT NUMBER: B44812063 Postal address: Calle La Herrada, 88 Phone number: +34 696 910 397 E-mail: hola@laherradahome.es For what purposes do we process your personal data?At&nbsp;Gesti\u00f3n de Activos Inmobiliarios La Herrada SL use your personal data only to respond to requests submitted by you from the means provided on our website. The treatment that we will make will be only to attend to the consultations that you make to us. What is the legal basis for processing your data?The legal basis for processing your data is informed consent to respond to the inquiries submitted through the website, which implies the data subject&#8217;s acceptance of these conditions. Who will your data be shared with?Personal data will not be shared with third parties, except when required by law. How long will we keep your data?The data will be retained for the time necessary to respond to inquiries, and subsequently for 12 months to prevent potential errors or misunderstandings. What are your rights when you provide us with your data?You have the right to obtain confirmation as to whether in&nbsp;Gesti\u00f3n de Activos Inmobiliarios La Herrada SL we are processing personal data concerning you or not. You also have the right to access your personal data, as well as to request the rectification of inaccurate data or, where appropriate, request their deletion when, among other reasons, the data are no longer necessary for the purposes for which they were collected, as well as request the portability of the same. In certain circumstances, you may request the restriction of the processing of your data, in which case we will only retain it for the exercise or defense of legal claims. For reasons related to your particular situation, you may also object to the processing of your data. Gesti\u00f3n de Activos Inmobiliarios La Herrada SL will stop processing the data, except for compelling legitimate reasons, or the exercise or defense of possible claims. Remember that at any time you can file a complaint with the supervisory authority. How did we obtain your data?The personal data we process has been provided directly by you through the various forms available on the website. Only the identification and contact data you have provided will be processed.\" \/>\n<meta property=\"og:url\" content=\"https:\/\/laherradahome.es\/en\/privacy-policy\/\" \/>\n<meta property=\"og:site_name\" content=\"La Herrada Home\" \/>\n<meta property=\"article:publisher\" content=\"https:\/\/www.facebook.com\/LaHerradaHome\/\" \/>\n<meta property=\"article:modified_time\" content=\"2025-10-31T09:33:49+00:00\" \/>\n<meta name=\"twitter:card\" content=\"summary_large_image\" \/>\n<meta name=\"twitter:label1\" content=\"Est. reading time\" \/>\n\t<meta name=\"twitter:data1\" content=\"2 minutes\" \/>\n<script type=\"application\/ld+json\" class=\"yoast-schema-graph\">{\"@context\":\"https:\/\/schema.org\",\"@graph\":[{\"@type\":\"WebPage\",\"@id\":\"https:\/\/laherradahome.es\/en\/privacy-policy\/\",\"url\":\"https:\/\/laherradahome.es\/en\/privacy-policy\/\",\"name\":\"Privacy Policy - La Herrada Home\",\"isPartOf\":{\"@id\":\"https:\/\/laherradahome.es\/#website\"},\"datePublished\":\"2025-06-11T07:24:27+00:00\",\"dateModified\":\"2025-10-31T09:33:49+00:00\",\"breadcrumb\":{\"@id\":\"https:\/\/laherradahome.es\/en\/privacy-policy\/#breadcrumb\"},\"inLanguage\":\"en-US\",\"potentialAction\":[{\"@type\":\"ReadAction\",\"target\":[\"https:\/\/laherradahome.es\/en\/privacy-policy\/\"]}]},{\"@type\":\"BreadcrumbList\",\"@id\":\"https:\/\/laherradahome.es\/en\/privacy-policy\/#breadcrumb\",\"itemListElement\":[{\"@type\":\"ListItem\",\"position\":1,\"name\":\"Portada\",\"item\":\"https:\/\/laherradahome.es\/\"},{\"@type\":\"ListItem\",\"position\":2,\"name\":\"Privacy Policy\"}]},{\"@type\":\"WebSite\",\"@id\":\"https:\/\/laherradahome.es\/#website\",\"url\":\"https:\/\/laherradahome.es\/\",\"name\":\"La Herrada Home\",\"description\":\"La Herrada Home es un complejo vacacional moderno y acogedor situado en Los Montesinos - Alicante, en la Costa Blanca. Ofrecemos apartamentos tur\u00edsticos completamente equipados, ideales para disfrutar de una escapada relajante en un entorno mediterr\u00e1neo. Con instalaciones como piscina, jard\u00edn compartido, cafeter\u00eda y supermercado, y una ubicaci\u00f3n cercana a playas, campos de golf y parajes naturales, es el lugar perfecto para combinar descanso y comodidad.\",\"publisher\":{\"@id\":\"https:\/\/laherradahome.es\/#organization\"},\"potentialAction\":[{\"@type\":\"SearchAction\",\"target\":{\"@type\":\"EntryPoint\",\"urlTemplate\":\"https:\/\/laherradahome.es\/?s={search_term_string}\"},\"query-input\":{\"@type\":\"PropertyValueSpecification\",\"valueRequired\":true,\"valueName\":\"search_term_string\"}}],\"inLanguage\":\"en-US\"},{\"@type\":\"Organization\",\"@id\":\"https:\/\/laherradahome.es\/#organization\",\"name\":\"La Herrada Home\",\"url\":\"https:\/\/laherradahome.es\/\",\"logo\":{\"@type\":\"ImageObject\",\"inLanguage\":\"en-US\",\"@id\":\"https:\/\/laherradahome.es\/#\/schema\/logo\/image\/\",\"url\":\"https:\/\/laherradahome.es\/wp-content\/uploads\/2025\/04\/logo_la_herrada_home-3.webp\",\"contentUrl\":\"https:\/\/laherradahome.es\/wp-content\/uploads\/2025\/04\/logo_la_herrada_home-3.webp\",\"width\":1000,\"height\":500,\"caption\":\"La Herrada Home\"},\"image\":{\"@id\":\"https:\/\/laherradahome.es\/#\/schema\/logo\/image\/\"},\"sameAs\":[\"https:\/\/www.facebook.com\/LaHerradaHome\/\",\"https:\/\/www.instagram.com\/laherradahome\/\"]}]}<\/script>\n<!-- \/ Yoast SEO plugin. -->","yoast_head_json":{"title":"Privacy Policy - La Herrada Home","robots":{"index":"index","follow":"follow","max-snippet":"max-snippet:-1","max-image-preview":"max-image-preview:large","max-video-preview":"max-video-preview:-1"},"canonical":"https:\/\/laherradahome.es\/en\/privacy-policy\/","og_locale":"en_US","og_type":"article","og_title":"Privacy Policy - La Herrada Home","og_description":"PRIVACY POLICYThe responsible for this website is: Gesti\u00f3n de Activos Inmobiliarios La Herrada SL, with CIF B44812063, and registered office at Calle La Herrada, 88. In the event that personal data is provided, this data will be collected and used in accordance with the limitations and rights set out in the aforementioned regulation. Who is responsible for processing your data? Identity: Gesti\u00f3n de Activos Inmobiliarios La Herrada SL. VAT NUMBER: B44812063 Postal address: Calle La Herrada, 88 Phone number: +34 696 910 397 E-mail: hola@laherradahome.es For what purposes do we process your personal data?At&nbsp;Gesti\u00f3n de Activos Inmobiliarios La Herrada SL use your personal data only to respond to requests submitted by you from the means provided on our website. The treatment that we will make will be only to attend to the consultations that you make to us. What is the legal basis for processing your data?The legal basis for processing your data is informed consent to respond to the inquiries submitted through the website, which implies the data subject&#8217;s acceptance of these conditions. Who will your data be shared with?Personal data will not be shared with third parties, except when required by law. How long will we keep your data?The data will be retained for the time necessary to respond to inquiries, and subsequently for 12 months to prevent potential errors or misunderstandings. What are your rights when you provide us with your data?You have the right to obtain confirmation as to whether in&nbsp;Gesti\u00f3n de Activos Inmobiliarios La Herrada SL we are processing personal data concerning you or not. You also have the right to access your personal data, as well as to request the rectification of inaccurate data or, where appropriate, request their deletion when, among other reasons, the data are no longer necessary for the purposes for which they were collected, as well as request the portability of the same. In certain circumstances, you may request the restriction of the processing of your data, in which case we will only retain it for the exercise or defense of legal claims. For reasons related to your particular situation, you may also object to the processing of your data. Gesti\u00f3n de Activos Inmobiliarios La Herrada SL will stop processing the data, except for compelling legitimate reasons, or the exercise or defense of possible claims. Remember that at any time you can file a complaint with the supervisory authority. How did we obtain your data?The personal data we process has been provided directly by you through the various forms available on the website. Only the identification and contact data you have provided will be processed.","og_url":"https:\/\/laherradahome.es\/en\/privacy-policy\/","og_site_name":"La Herrada Home","article_publisher":"https:\/\/www.facebook.com\/LaHerradaHome\/","article_modified_time":"2025-10-31T09:33:49+00:00","twitter_card":"summary_large_image","twitter_misc":{"Est. reading time":"2 minutes"},"schema":{"@context":"https:\/\/schema.org","@graph":[{"@type":"WebPage","@id":"https:\/\/laherradahome.es\/en\/privacy-policy\/","url":"https:\/\/laherradahome.es\/en\/privacy-policy\/","name":"Privacy Policy - La Herrada Home","isPartOf":{"@id":"https:\/\/laherradahome.es\/#website"},"datePublished":"2025-06-11T07:24:27+00:00","dateModified":"2025-10-31T09:33:49+00:00","breadcrumb":{"@id":"https:\/\/laherradahome.es\/en\/privacy-policy\/#breadcrumb"},"inLanguage":"en-US","potentialAction":[{"@type":"ReadAction","target":["https:\/\/laherradahome.es\/en\/privacy-policy\/"]}]},{"@type":"BreadcrumbList","@id":"https:\/\/laherradahome.es\/en\/privacy-policy\/#breadcrumb","itemListElement":[{"@type":"ListItem","position":1,"name":"Portada","item":"https:\/\/laherradahome.es\/"},{"@type":"ListItem","position":2,"name":"Privacy Policy"}]},{"@type":"WebSite","@id":"https:\/\/laherradahome.es\/#website","url":"https:\/\/laherradahome.es\/","name":"La Herrada Home","description":"La Herrada Home es un complejo vacacional moderno y acogedor situado en Los Montesinos - Alicante, en la Costa Blanca. Ofrecemos apartamentos tur\u00edsticos completamente equipados, ideales para disfrutar de una escapada relajante en un entorno mediterr\u00e1neo. Con instalaciones como piscina, jard\u00edn compartido, cafeter\u00eda y supermercado, y una ubicaci\u00f3n cercana a playas, campos de golf y parajes naturales, es el lugar perfecto para combinar descanso y comodidad.","publisher":{"@id":"https:\/\/laherradahome.es\/#organization"},"potentialAction":[{"@type":"SearchAction","target":{"@type":"EntryPoint","urlTemplate":"https:\/\/laherradahome.es\/?s={search_term_string}"},"query-input":{"@type":"PropertyValueSpecification","valueRequired":true,"valueName":"search_term_string"}}],"inLanguage":"en-US"},{"@type":"Organization","@id":"https:\/\/laherradahome.es\/#organization","name":"La Herrada Home","url":"https:\/\/laherradahome.es\/","logo":{"@type":"ImageObject","inLanguage":"en-US","@id":"https:\/\/laherradahome.es\/#\/schema\/logo\/image\/","url":"https:\/\/laherradahome.es\/wp-content\/uploads\/2025\/04\/logo_la_herrada_home-3.webp","contentUrl":"https:\/\/laherradahome.es\/wp-content\/uploads\/2025\/04\/logo_la_herrada_home-3.webp","width":1000,"height":500,"caption":"La Herrada Home"},"image":{"@id":"https:\/\/laherradahome.es\/#\/schema\/logo\/image\/"},"sameAs":["https:\/\/www.facebook.com\/LaHerradaHome\/","https:\/\/www.instagram.com\/laherradahome\/"]}]}},"_links":{"self":[{"href":"https:\/\/laherradahome.es\/en\/wp-json\/wp\/v2\/pages\/2534","targetHints":{"allow":["GET"]}}],"collection":[{"href":"https:\/\/laherradahome.es\/en\/wp-json\/wp\/v2\/pages"}],"about":[{"href":"https:\/\/laherradahome.es\/en\/wp-json\/wp\/v2\/types\/page"}],"author":[{"embeddable":true,"href":"https:\/\/laherradahome.es\/en\/wp-json\/wp\/v2\/users\/1"}],"replies":[{"embeddable":true,"href":"https:\/\/laherradahome.es\/en\/wp-json\/wp\/v2\/comments?post=2534"}],"version-history":[{"count":2,"href":"https:\/\/laherradahome.es\/en\/wp-json\/wp\/v2\/pages\/2534\/revisions"}],"predecessor-version":[{"id":3066,"href":"https:\/\/laherradahome.es\/en\/wp-json\/wp\/v2\/pages\/2534\/revisions\/3066"}],"wp:attachment":[{"href":"https:\/\/laherradahome.es\/en\/wp-json\/wp\/v2\/media?parent=2534"}],"curies":[{"name":"wp","href":"https:\/\/api.w.org\/{rel}","templated":true}]}}