{"id":2535,"date":"2025-06-11T07:21:35","date_gmt":"2025-06-11T07:21:35","guid":{"rendered":"https:\/\/laherradahome.es\/cookies-policy\/"},"modified":"2025-10-31T09:34:23","modified_gmt":"2025-10-31T09:34:23","slug":"cookies-policy","status":"publish","type":"page","link":"https:\/\/laherradahome.es\/en\/cookies-policy\/","title":{"rendered":"Cookies Policy"},"content":{"rendered":"\t\t<div data-elementor-type=\"wp-page\" data-elementor-id=\"2535\" class=\"elementor elementor-2535 elementor-2521\" data-elementor-post-type=\"page\">\n\t\t\t\t<div class=\"elementor-element elementor-element-197afd17 e-flex e-con-boxed wpr-particle-no wpr-jarallax-no wpr-parallax-no wpr-sticky-section-no e-con e-parent\" data-id=\"197afd17\" data-element_type=\"container\">\n\t\t\t\t\t<div class=\"e-con-inner\">\n\t\t\t\t<div class=\"elementor-element elementor-element-136140c8 elementor-widget elementor-widget-text-editor\" data-id=\"136140c8\" data-element_type=\"widget\" data-widget_type=\"text-editor.default\">\n\t\t\t\t<div class=\"elementor-widget-container\">\n\t\t\t\t\t\t\t\t\t<p>Definition of cookies<br>Cookies are identifiers that we send to your computer&#8217;s hard drive through your web browser so that our systems can recognize your browser and provide you with certain services. The cookies used on https:\/\/laherradahome.es are listed below: <\/p><p>Used cookies<\/p><p>Cookie Information collected Purpose Validity period How to disable it<br>Own cookies If you are logged in (yes\/no) Avoid logging in again if you have not logged out before. Session Cookie Cannot, it is necessary for the operation of the website. <\/p><p>Binary information (yes\/no) To know if, for example, the user has accepted the cookie warning. 1 year You can not, it is necessary for the operation of the web<br>Third-party cookies Google Analytics: analytical information of the visit, time, sections visited, clicks and sites of origin. An analysis of user behavior on the web to improve the service. Session Cookies or up to 2 years Installing: https:\/\/tools.google.com\/dlpage\/gaoptout?hl=es   <\/p><p> <\/p><p>How you can disable cookies in the main browsers:<br>It is usually possible to stop accepting browser cookies, or to stop accepting cookies from a particular service.<\/p><p>All modern browsers allow you to change cookie settings. These settings are usually found in the &#8220;Options&#8221; or &#8220;Preferences&#8221; menu of your browser. You can also configure your browser or email client accordingly.  <\/p><p>Below is guidance for users on how to access the cookie settings menu and, where applicable, private browsing settings in each of the major browsers:<\/p><p>Internet Explorer: Tools \u2192 Internet Options \u2192 Privacy \u2192 Settings.<br>More information: Microsoft support or browser Help.<\/p><p>Firefox: Tools \u2192 Options \u2192 Privacy \u2192 Privacy \u2192 History \u2192 Custom Settings.<br>More information: Mozilla support or the browser Help.<\/p><p>Chrome: Settings \u2192 Show advanced options \u2192 Privacy \u2192 Privacy \u2192 Content settings.<br>More information: Google support or browser Help.<\/p><p>Safari: Preferences \u2192 Security.<br>More information: Apple support or browser Help.<\/p><p>What happens if cookies are disabled?<br>Some service functionalities will be disabled, such as staying logged in, keeping products in the \u201cshopping cart,\u201d among others.<\/p>\t\t\t\t\t\t\t\t<\/div>\n\t\t\t\t<\/div>\n\t\t\t\t\t<\/div>\n\t\t\t\t<\/div>\n\t\t\t\t<\/div>\n\t\t","protected":false},"excerpt":{"rendered":"<p>Definition of cookiesCookies are identifiers that we send to your computer&#8217;s hard drive through your web browser so that our systems can recognize your browser and provide you with certain services. The cookies used on https:\/\/laherradahome.es are listed below: Used cookies Cookie Information collected Purpose Validity period How to disable itOwn cookies If you are logged in (yes\/no) Avoid logging in again if you have not logged out before. Session Cookie Cannot, it is necessary for the operation of the website. Binary information (yes\/no) To know if, for example, the user has accepted the cookie warning. 1 year You can not, it is necessary for the operation of the webThird-party cookies Google Analytics: analytical information of the visit, time, sections visited, clicks and sites of origin. An analysis of user behavior on the web to improve the service. Session Cookies or up to 2 years Installing: https:\/\/tools.google.com\/dlpage\/gaoptout?hl=es How you can disable cookies in the main browsers:It is usually possible to stop accepting browser cookies, or to stop accepting cookies from a particular service. All modern browsers allow you to change cookie settings. These settings are usually found in the &#8220;Options&#8221; or &#8220;Preferences&#8221; menu of your browser. You can also configure your browser or email client accordingly. Below is guidance for users on how to access the cookie settings menu and, where applicable, private browsing settings in each of the major browsers: Internet Explorer: Tools \u2192 Internet Options \u2192 Privacy \u2192 Settings.More information: Microsoft support or browser Help. Firefox: Tools \u2192 Options \u2192 Privacy \u2192 Privacy \u2192 History \u2192 Custom Settings.More information: Mozilla support or the browser Help. Chrome: Settings \u2192 Show advanced options \u2192 Privacy \u2192 Privacy \u2192 Content settings.More information: Google support or browser Help. Safari: Preferences \u2192 Security.More information: Apple support or browser Help. What happens if cookies are disabled?Some service functionalities will be disabled, such as staying logged in, keeping products in the \u201cshopping cart,\u201d among others.<\/p>\n","protected":false},"author":1,"featured_media":0,"parent":0,"menu_order":0,"comment_status":"closed","ping_status":"closed","template":"elementor_header_footer","meta":{"footnotes":""},"class_list":["post-2535","page","type-page","status-publish","hentry"],"yoast_head":"<!-- This site is optimized with the Yoast SEO plugin v25.1 - https:\/\/yoast.com\/wordpress\/plugins\/seo\/ -->\n<title>Cookies Policy - La Herrada Home<\/title>\n<meta name=\"robots\" content=\"index, follow, max-snippet:-1, max-image-preview:large, max-video-preview:-1\" \/>\n<link rel=\"canonical\" href=\"https:\/\/laherradahome.es\/en\/cookies-policy\/\" \/>\n<meta property=\"og:locale\" content=\"en_US\" \/>\n<meta property=\"og:type\" content=\"article\" \/>\n<meta property=\"og:title\" content=\"Cookies Policy - La Herrada Home\" \/>\n<meta property=\"og:description\" content=\"Definition of cookiesCookies are identifiers that we send to your computer&#8217;s hard drive through your web browser so that our systems can recognize your browser and provide you with certain services. The cookies used on https:\/\/laherradahome.es are listed below: Used cookies Cookie Information collected Purpose Validity period How to disable itOwn cookies If you are logged in (yes\/no) Avoid logging in again if you have not logged out before. Session Cookie Cannot, it is necessary for the operation of the website. Binary information (yes\/no) To know if, for example, the user has accepted the cookie warning. 1 year You can not, it is necessary for the operation of the webThird-party cookies Google Analytics: analytical information of the visit, time, sections visited, clicks and sites of origin. An analysis of user behavior on the web to improve the service. Session Cookies or up to 2 years Installing: https:\/\/tools.google.com\/dlpage\/gaoptout?hl=es How you can disable cookies in the main browsers:It is usually possible to stop accepting browser cookies, or to stop accepting cookies from a particular service. All modern browsers allow you to change cookie settings. These settings are usually found in the &#8220;Options&#8221; or &#8220;Preferences&#8221; menu of your browser. You can also configure your browser or email client accordingly. Below is guidance for users on how to access the cookie settings menu and, where applicable, private browsing settings in each of the major browsers: Internet Explorer: Tools \u2192 Internet Options \u2192 Privacy \u2192 Settings.More information: Microsoft support or browser Help. Firefox: Tools \u2192 Options \u2192 Privacy \u2192 Privacy \u2192 History \u2192 Custom Settings.More information: Mozilla support or the browser Help. Chrome: Settings \u2192 Show advanced options \u2192 Privacy \u2192 Privacy \u2192 Content settings.More information: Google support or browser Help. Safari: Preferences \u2192 Security.More information: Apple support or browser Help. What happens if cookies are disabled?Some service functionalities will be disabled, such as staying logged in, keeping products in the \u201cshopping cart,\u201d among others.\" \/>\n<meta property=\"og:url\" content=\"https:\/\/laherradahome.es\/en\/cookies-policy\/\" \/>\n<meta property=\"og:site_name\" content=\"La Herrada Home\" \/>\n<meta property=\"article:publisher\" content=\"https:\/\/www.facebook.com\/LaHerradaHome\/\" \/>\n<meta property=\"article:modified_time\" content=\"2025-10-31T09:34:23+00:00\" \/>\n<meta name=\"twitter:card\" content=\"summary_large_image\" \/>\n<meta name=\"twitter:label1\" content=\"Est. reading time\" \/>\n\t<meta name=\"twitter:data1\" content=\"2 minutes\" \/>\n<script type=\"application\/ld+json\" class=\"yoast-schema-graph\">{\"@context\":\"https:\/\/schema.org\",\"@graph\":[{\"@type\":\"WebPage\",\"@id\":\"https:\/\/laherradahome.es\/en\/cookies-policy\/\",\"url\":\"https:\/\/laherradahome.es\/en\/cookies-policy\/\",\"name\":\"Cookies Policy - La Herrada Home\",\"isPartOf\":{\"@id\":\"https:\/\/laherradahome.es\/#website\"},\"datePublished\":\"2025-06-11T07:21:35+00:00\",\"dateModified\":\"2025-10-31T09:34:23+00:00\",\"breadcrumb\":{\"@id\":\"https:\/\/laherradahome.es\/en\/cookies-policy\/#breadcrumb\"},\"inLanguage\":\"en-US\",\"potentialAction\":[{\"@type\":\"ReadAction\",\"target\":[\"https:\/\/laherradahome.es\/en\/cookies-policy\/\"]}]},{\"@type\":\"BreadcrumbList\",\"@id\":\"https:\/\/laherradahome.es\/en\/cookies-policy\/#breadcrumb\",\"itemListElement\":[{\"@type\":\"ListItem\",\"position\":1,\"name\":\"Portada\",\"item\":\"https:\/\/laherradahome.es\/\"},{\"@type\":\"ListItem\",\"position\":2,\"name\":\"Cookies Policy\"}]},{\"@type\":\"WebSite\",\"@id\":\"https:\/\/laherradahome.es\/#website\",\"url\":\"https:\/\/laherradahome.es\/\",\"name\":\"La Herrada Home\",\"description\":\"La Herrada Home es un complejo vacacional moderno y acogedor situado en Los Montesinos - Alicante, en la Costa Blanca. Ofrecemos apartamentos tur\u00edsticos completamente equipados, ideales para disfrutar de una escapada relajante en un entorno mediterr\u00e1neo. Con instalaciones como piscina, jard\u00edn compartido, cafeter\u00eda y supermercado, y una ubicaci\u00f3n cercana a playas, campos de golf y parajes naturales, es el lugar perfecto para combinar descanso y comodidad.\",\"publisher\":{\"@id\":\"https:\/\/laherradahome.es\/#organization\"},\"potentialAction\":[{\"@type\":\"SearchAction\",\"target\":{\"@type\":\"EntryPoint\",\"urlTemplate\":\"https:\/\/laherradahome.es\/?s={search_term_string}\"},\"query-input\":{\"@type\":\"PropertyValueSpecification\",\"valueRequired\":true,\"valueName\":\"search_term_string\"}}],\"inLanguage\":\"en-US\"},{\"@type\":\"Organization\",\"@id\":\"https:\/\/laherradahome.es\/#organization\",\"name\":\"La Herrada Home\",\"url\":\"https:\/\/laherradahome.es\/\",\"logo\":{\"@type\":\"ImageObject\",\"inLanguage\":\"en-US\",\"@id\":\"https:\/\/laherradahome.es\/#\/schema\/logo\/image\/\",\"url\":\"https:\/\/laherradahome.es\/wp-content\/uploads\/2025\/04\/logo_la_herrada_home-3.webp\",\"contentUrl\":\"https:\/\/laherradahome.es\/wp-content\/uploads\/2025\/04\/logo_la_herrada_home-3.webp\",\"width\":1000,\"height\":500,\"caption\":\"La Herrada Home\"},\"image\":{\"@id\":\"https:\/\/laherradahome.es\/#\/schema\/logo\/image\/\"},\"sameAs\":[\"https:\/\/www.facebook.com\/LaHerradaHome\/\",\"https:\/\/www.instagram.com\/laherradahome\/\"]}]}<\/script>\n<!-- \/ Yoast SEO plugin. -->","yoast_head_json":{"title":"Cookies Policy - La Herrada Home","robots":{"index":"index","follow":"follow","max-snippet":"max-snippet:-1","max-image-preview":"max-image-preview:large","max-video-preview":"max-video-preview:-1"},"canonical":"https:\/\/laherradahome.es\/en\/cookies-policy\/","og_locale":"en_US","og_type":"article","og_title":"Cookies Policy - La Herrada Home","og_description":"Definition of cookiesCookies are identifiers that we send to your computer&#8217;s hard drive through your web browser so that our systems can recognize your browser and provide you with certain services. The cookies used on https:\/\/laherradahome.es are listed below: Used cookies Cookie Information collected Purpose Validity period How to disable itOwn cookies If you are logged in (yes\/no) Avoid logging in again if you have not logged out before. Session Cookie Cannot, it is necessary for the operation of the website. Binary information (yes\/no) To know if, for example, the user has accepted the cookie warning. 1 year You can not, it is necessary for the operation of the webThird-party cookies Google Analytics: analytical information of the visit, time, sections visited, clicks and sites of origin. An analysis of user behavior on the web to improve the service. Session Cookies or up to 2 years Installing: https:\/\/tools.google.com\/dlpage\/gaoptout?hl=es How you can disable cookies in the main browsers:It is usually possible to stop accepting browser cookies, or to stop accepting cookies from a particular service. All modern browsers allow you to change cookie settings. These settings are usually found in the &#8220;Options&#8221; or &#8220;Preferences&#8221; menu of your browser. You can also configure your browser or email client accordingly. Below is guidance for users on how to access the cookie settings menu and, where applicable, private browsing settings in each of the major browsers: Internet Explorer: Tools \u2192 Internet Options \u2192 Privacy \u2192 Settings.More information: Microsoft support or browser Help. Firefox: Tools \u2192 Options \u2192 Privacy \u2192 Privacy \u2192 History \u2192 Custom Settings.More information: Mozilla support or the browser Help. Chrome: Settings \u2192 Show advanced options \u2192 Privacy \u2192 Privacy \u2192 Content settings.More information: Google support or browser Help. Safari: Preferences \u2192 Security.More information: Apple support or browser Help. What happens if cookies are disabled?Some service functionalities will be disabled, such as staying logged in, keeping products in the \u201cshopping cart,\u201d among others.","og_url":"https:\/\/laherradahome.es\/en\/cookies-policy\/","og_site_name":"La Herrada Home","article_publisher":"https:\/\/www.facebook.com\/LaHerradaHome\/","article_modified_time":"2025-10-31T09:34:23+00:00","twitter_card":"summary_large_image","twitter_misc":{"Est. reading time":"2 minutes"},"schema":{"@context":"https:\/\/schema.org","@graph":[{"@type":"WebPage","@id":"https:\/\/laherradahome.es\/en\/cookies-policy\/","url":"https:\/\/laherradahome.es\/en\/cookies-policy\/","name":"Cookies Policy - La Herrada Home","isPartOf":{"@id":"https:\/\/laherradahome.es\/#website"},"datePublished":"2025-06-11T07:21:35+00:00","dateModified":"2025-10-31T09:34:23+00:00","breadcrumb":{"@id":"https:\/\/laherradahome.es\/en\/cookies-policy\/#breadcrumb"},"inLanguage":"en-US","potentialAction":[{"@type":"ReadAction","target":["https:\/\/laherradahome.es\/en\/cookies-policy\/"]}]},{"@type":"BreadcrumbList","@id":"https:\/\/laherradahome.es\/en\/cookies-policy\/#breadcrumb","itemListElement":[{"@type":"ListItem","position":1,"name":"Portada","item":"https:\/\/laherradahome.es\/"},{"@type":"ListItem","position":2,"name":"Cookies Policy"}]},{"@type":"WebSite","@id":"https:\/\/laherradahome.es\/#website","url":"https:\/\/laherradahome.es\/","name":"La Herrada Home","description":"La Herrada Home es un complejo vacacional moderno y acogedor situado en Los Montesinos - Alicante, en la Costa Blanca. Ofrecemos apartamentos tur\u00edsticos completamente equipados, ideales para disfrutar de una escapada relajante en un entorno mediterr\u00e1neo. Con instalaciones como piscina, jard\u00edn compartido, cafeter\u00eda y supermercado, y una ubicaci\u00f3n cercana a playas, campos de golf y parajes naturales, es el lugar perfecto para combinar descanso y comodidad.","publisher":{"@id":"https:\/\/laherradahome.es\/#organization"},"potentialAction":[{"@type":"SearchAction","target":{"@type":"EntryPoint","urlTemplate":"https:\/\/laherradahome.es\/?s={search_term_string}"},"query-input":{"@type":"PropertyValueSpecification","valueRequired":true,"valueName":"search_term_string"}}],"inLanguage":"en-US"},{"@type":"Organization","@id":"https:\/\/laherradahome.es\/#organization","name":"La Herrada Home","url":"https:\/\/laherradahome.es\/","logo":{"@type":"ImageObject","inLanguage":"en-US","@id":"https:\/\/laherradahome.es\/#\/schema\/logo\/image\/","url":"https:\/\/laherradahome.es\/wp-content\/uploads\/2025\/04\/logo_la_herrada_home-3.webp","contentUrl":"https:\/\/laherradahome.es\/wp-content\/uploads\/2025\/04\/logo_la_herrada_home-3.webp","width":1000,"height":500,"caption":"La Herrada Home"},"image":{"@id":"https:\/\/laherradahome.es\/#\/schema\/logo\/image\/"},"sameAs":["https:\/\/www.facebook.com\/LaHerradaHome\/","https:\/\/www.instagram.com\/laherradahome\/"]}]}},"_links":{"self":[{"href":"https:\/\/laherradahome.es\/en\/wp-json\/wp\/v2\/pages\/2535","targetHints":{"allow":["GET"]}}],"collection":[{"href":"https:\/\/laherradahome.es\/en\/wp-json\/wp\/v2\/pages"}],"about":[{"href":"https:\/\/laherradahome.es\/en\/wp-json\/wp\/v2\/types\/page"}],"author":[{"embeddable":true,"href":"https:\/\/laherradahome.es\/en\/wp-json\/wp\/v2\/users\/1"}],"replies":[{"embeddable":true,"href":"https:\/\/laherradahome.es\/en\/wp-json\/wp\/v2\/comments?post=2535"}],"version-history":[{"count":2,"href":"https:\/\/laherradahome.es\/en\/wp-json\/wp\/v2\/pages\/2535\/revisions"}],"predecessor-version":[{"id":3068,"href":"https:\/\/laherradahome.es\/en\/wp-json\/wp\/v2\/pages\/2535\/revisions\/3068"}],"wp:attachment":[{"href":"https:\/\/laherradahome.es\/en\/wp-json\/wp\/v2\/media?parent=2535"}],"curies":[{"name":"wp","href":"https:\/\/api.w.org\/{rel}","templated":true}]}}