{"id":2536,"date":"2025-06-11T07:22:53","date_gmt":"2025-06-11T07:22:53","guid":{"rendered":"https:\/\/laherradahome.es\/accessibility-policy\/"},"modified":"2025-10-31T09:35:31","modified_gmt":"2025-10-31T09:35:31","slug":"accessibility-policy","status":"publish","type":"page","link":"https:\/\/laherradahome.es\/en\/accessibility-policy\/","title":{"rendered":"Accessibility Policy"},"content":{"rendered":"\t\t<div data-elementor-type=\"wp-page\" data-elementor-id=\"2536\" class=\"elementor elementor-2536 elementor-2523\" data-elementor-post-type=\"page\">\n\t\t\t\t<div class=\"elementor-element elementor-element-51aa0626 e-flex e-con-boxed wpr-particle-no wpr-jarallax-no wpr-parallax-no wpr-sticky-section-no e-con e-parent\" data-id=\"51aa0626\" data-element_type=\"container\">\n\t\t\t\t\t<div class=\"e-con-inner\">\n\t\t\t\t<div class=\"elementor-element elementor-element-3b646734 elementor-widget elementor-widget-text-editor\" data-id=\"3b646734\" data-element_type=\"widget\" data-widget_type=\"text-editor.default\">\n\t\t\t\t<div class=\"elementor-widget-container\">\n\t\t\t\t\t\t\t\t\t<p data-start=\"135\" data-end=\"460\"><strong data-start=\"135\" data-end=\"164\">ACCESSIBILITY POLICY<\/strong><br data-start=\"164\" data-end=\"167\">The company <span style=\"font-weight: 700;\">Gesti\u00f3n de Activos Inmobiliarios La Herrada SL<\/span> is committed to making its website accessible in accordance with Royal Decree 1112\/2018, of September 7, on accessibility of websites and applications for mobile devices of the public sector, or developments funded from Europe.&nbsp;<\/p>\n<p data-start=\"462\" data-end=\"621\">This accessibility statement applies to the following site <strong data-start=\"522\" data-end=\"550\"><a class=\"\" href=\"https:\/\/laherradahome.es\/en\/\" target=\"_new\" rel=\"noopener\" data-start=\"524\" data-end=\"548\">https:\/\/laherradahome.es<\/a><\/strong>excluding embedded content from other domains.<\/p>\n<hr data-start=\"623\" data-end=\"626\">\n<p data-start=\"628\" data-end=\"786\"><strong data-start=\"628\" data-end=\"657\">Compliance status <\/strong><br>This website is fully compliant with Royal Decree 1112\/2018, making a description of non-accessible content unnecessary.<\/p>\n<p data-start=\"788\" data-end=\"1147\">There may be office documents in PDF or other formats published before September 20, 2018, that do not fully meet all accessibility requirements. There may also be third-party content that was not developed by this Unit, nor is it under its control, such as office documents from different organizations that must be published on this site. <\/p>\n<hr data-start=\"1149\" data-end=\"1152\">\n<p data-start=\"1154\" data-end=\"1276\"><strong data-start=\"1154\" data-end=\"1213\">Preparation of this accessibility statement<\/strong><br>This statement was prepared on May 5, 2025.<\/p>\n<p data-start=\"1278\" data-end=\"1410\">The method used to update the statement has been an evaluation carried out by the company <strong data-start=\"1381\" data-end=\"1410\">Proytec Inform\u00e1tica, S.C.<\/strong><\/p>\n<hr data-start=\"1412\" data-end=\"1415\">\n<p data-start=\"1417\" data-end=\"1575\"><strong data-start=\"1417\" data-end=\"1454\">Remarks and contact details<\/strong><br>You can make communications on accessibility requirements [Article 10.2.a) of RD 1112\/2018] such as, for example:<\/p>\n<ul data-start=\"1577\" data-end=\"1926\">\n<li data-start=\"1577\" data-end=\"1655\">\n<p data-start=\"1579\" data-end=\"1655\">Report any possible non-compliance by this website.<\/p>\n<\/li>\n<li data-start=\"1656\" data-end=\"1711\">\n<p data-start=\"1658\" data-end=\"1711\">Report other difficulties in accessing the content.<\/p>\n<\/li>\n<li data-start=\"1712\" data-end=\"1926\">\n<p data-start=\"1714\" data-end=\"1926\">Submit any other questions or suggestions for improving the accessibility of the website through the contact form or by calling 966720048 from 9:00 a.m. to 2:00 p.m., Monday to Friday.<\/p>\n<\/li>\n<\/ul>\n<p data-start=\"1928\" data-end=\"1944\">You may submit:<\/p>\n<ul data-start=\"1946\" data-end=\"2325\">\n<li data-start=\"1946\" data-end=\"2018\">\n<p data-start=\"1948\" data-end=\"2018\">A complaint regarding compliance with the requirements of Royal Decree 1112\/2018.<\/p>\n<\/li>\n<li data-start=\"2019\" data-end=\"2325\">\n<p data-start=\"2021\" data-end=\"2071\">A request for accessible information related to:<\/p>\n<ul data-start=\"2074\" data-end=\"2325\">\n<li data-start=\"2074\" data-end=\"2200\">\n<p data-start=\"2076\" data-end=\"2200\">Contents that are excluded from the scope of application of RD 1112\/2018 as established by Article 3, paragraph 4.<\/p>\n<\/li>\n<li data-start=\"2203\" data-end=\"2325\">\n<p data-start=\"2205\" data-end=\"2325\">Content that is exempt from meeting accessibility requirements due to imposing a disproportionate burden.<\/p>\n<\/li>\n<\/ul>\n<\/li>\n<\/ul>\n<p data-start=\"2327\" data-end=\"2512\">In the request for accessible information, the facts, reasons, and specific request must be clearly stated to demonstrate that it is a reasonable and legitimate request.<\/p>\t\t\t\t\t\t\t\t<\/div>\n\t\t\t\t<\/div>\n\t\t\t\t\t<\/div>\n\t\t\t\t<\/div>\n\t\t\t\t<\/div>\n\t\t","protected":false},"excerpt":{"rendered":"<p>ACCESSIBILITY POLICYThe company Gesti\u00f3n de Activos Inmobiliarios La Herrada SL is committed to making its website accessible in accordance with Royal Decree 1112\/2018, of September 7, on accessibility of websites and applications for mobile devices of the public sector, or developments funded from Europe.&nbsp; This accessibility statement applies to the following site https:\/\/laherradahome.esexcluding embedded content from other domains. Compliance status This website is fully compliant with Royal Decree 1112\/2018, making a description of non-accessible content unnecessary. There may be office documents in PDF or other formats published before September 20, 2018, that do not fully meet all accessibility requirements. There may also be third-party content that was not developed by this Unit, nor is it under its control, such as office documents from different organizations that must be published on this site. Preparation of this accessibility statementThis statement was prepared on May 5, 2025. The method used to update the statement has been an evaluation carried out by the company Proytec Inform\u00e1tica, S.C. Remarks and contact detailsYou can make communications on accessibility requirements [Article 10.2.a) of RD 1112\/2018] such as, for example: Report any possible non-compliance by this website. Report other difficulties in accessing the content. Submit any other questions or suggestions for improving the accessibility of the website through the contact form or by calling 966720048 from 9:00 a.m. to 2:00 p.m., Monday to Friday. You may submit: A complaint regarding compliance with the requirements of Royal Decree 1112\/2018. A request for accessible information related to: Contents that are excluded from the scope of application of RD 1112\/2018 as established by Article 3, paragraph 4. Content that is exempt from meeting accessibility requirements due to imposing a disproportionate burden. In the request for accessible information, the facts, reasons, and specific request must be clearly stated to demonstrate that it is a reasonable and legitimate request.<\/p>\n","protected":false},"author":1,"featured_media":0,"parent":0,"menu_order":0,"comment_status":"closed","ping_status":"closed","template":"elementor_header_footer","meta":{"footnotes":""},"class_list":["post-2536","page","type-page","status-publish","hentry"],"yoast_head":"<!-- This site is optimized with the Yoast SEO plugin v25.1 - https:\/\/yoast.com\/wordpress\/plugins\/seo\/ -->\n<title>Accessibility Policy - La Herrada Home<\/title>\n<meta name=\"robots\" content=\"index, follow, max-snippet:-1, max-image-preview:large, max-video-preview:-1\" \/>\n<link rel=\"canonical\" href=\"https:\/\/laherradahome.es\/en\/accessibility-policy\/\" \/>\n<meta property=\"og:locale\" content=\"en_US\" \/>\n<meta property=\"og:type\" content=\"article\" \/>\n<meta property=\"og:title\" content=\"Accessibility Policy - La Herrada Home\" \/>\n<meta property=\"og:description\" content=\"ACCESSIBILITY POLICYThe company Gesti\u00f3n de Activos Inmobiliarios La Herrada SL is committed to making its website accessible in accordance with Royal Decree 1112\/2018, of September 7, on accessibility of websites and applications for mobile devices of the public sector, or developments funded from Europe.&nbsp; This accessibility statement applies to the following site https:\/\/laherradahome.esexcluding embedded content from other domains. Compliance status This website is fully compliant with Royal Decree 1112\/2018, making a description of non-accessible content unnecessary. There may be office documents in PDF or other formats published before September 20, 2018, that do not fully meet all accessibility requirements. There may also be third-party content that was not developed by this Unit, nor is it under its control, such as office documents from different organizations that must be published on this site. Preparation of this accessibility statementThis statement was prepared on May 5, 2025. The method used to update the statement has been an evaluation carried out by the company Proytec Inform\u00e1tica, S.C. Remarks and contact detailsYou can make communications on accessibility requirements [Article 10.2.a) of RD 1112\/2018] such as, for example: Report any possible non-compliance by this website. Report other difficulties in accessing the content. Submit any other questions or suggestions for improving the accessibility of the website through the contact form or by calling 966720048 from 9:00 a.m. to 2:00 p.m., Monday to Friday. You may submit: A complaint regarding compliance with the requirements of Royal Decree 1112\/2018. A request for accessible information related to: Contents that are excluded from the scope of application of RD 1112\/2018 as established by Article 3, paragraph 4. Content that is exempt from meeting accessibility requirements due to imposing a disproportionate burden. In the request for accessible information, the facts, reasons, and specific request must be clearly stated to demonstrate that it is a reasonable and legitimate request.\" \/>\n<meta property=\"og:url\" content=\"https:\/\/laherradahome.es\/en\/accessibility-policy\/\" \/>\n<meta property=\"og:site_name\" content=\"La Herrada Home\" \/>\n<meta property=\"article:publisher\" content=\"https:\/\/www.facebook.com\/LaHerradaHome\/\" \/>\n<meta property=\"article:modified_time\" content=\"2025-10-31T09:35:31+00:00\" \/>\n<meta name=\"twitter:card\" content=\"summary_large_image\" \/>\n<meta name=\"twitter:label1\" content=\"Est. reading time\" \/>\n\t<meta name=\"twitter:data1\" content=\"1 minute\" \/>\n<script type=\"application\/ld+json\" class=\"yoast-schema-graph\">{\"@context\":\"https:\/\/schema.org\",\"@graph\":[{\"@type\":\"WebPage\",\"@id\":\"https:\/\/laherradahome.es\/en\/accessibility-policy\/\",\"url\":\"https:\/\/laherradahome.es\/en\/accessibility-policy\/\",\"name\":\"Accessibility Policy - La Herrada Home\",\"isPartOf\":{\"@id\":\"https:\/\/laherradahome.es\/#website\"},\"datePublished\":\"2025-06-11T07:22:53+00:00\",\"dateModified\":\"2025-10-31T09:35:31+00:00\",\"breadcrumb\":{\"@id\":\"https:\/\/laherradahome.es\/en\/accessibility-policy\/#breadcrumb\"},\"inLanguage\":\"en-US\",\"potentialAction\":[{\"@type\":\"ReadAction\",\"target\":[\"https:\/\/laherradahome.es\/en\/accessibility-policy\/\"]}]},{\"@type\":\"BreadcrumbList\",\"@id\":\"https:\/\/laherradahome.es\/en\/accessibility-policy\/#breadcrumb\",\"itemListElement\":[{\"@type\":\"ListItem\",\"position\":1,\"name\":\"Portada\",\"item\":\"https:\/\/laherradahome.es\/\"},{\"@type\":\"ListItem\",\"position\":2,\"name\":\"Accessibility Policy\"}]},{\"@type\":\"WebSite\",\"@id\":\"https:\/\/laherradahome.es\/#website\",\"url\":\"https:\/\/laherradahome.es\/\",\"name\":\"La Herrada Home\",\"description\":\"La Herrada Home es un complejo vacacional moderno y acogedor situado en Los Montesinos - Alicante, en la Costa Blanca. Ofrecemos apartamentos tur\u00edsticos completamente equipados, ideales para disfrutar de una escapada relajante en un entorno mediterr\u00e1neo. Con instalaciones como piscina, jard\u00edn compartido, cafeter\u00eda y supermercado, y una ubicaci\u00f3n cercana a playas, campos de golf y parajes naturales, es el lugar perfecto para combinar descanso y comodidad.\",\"publisher\":{\"@id\":\"https:\/\/laherradahome.es\/#organization\"},\"potentialAction\":[{\"@type\":\"SearchAction\",\"target\":{\"@type\":\"EntryPoint\",\"urlTemplate\":\"https:\/\/laherradahome.es\/?s={search_term_string}\"},\"query-input\":{\"@type\":\"PropertyValueSpecification\",\"valueRequired\":true,\"valueName\":\"search_term_string\"}}],\"inLanguage\":\"en-US\"},{\"@type\":\"Organization\",\"@id\":\"https:\/\/laherradahome.es\/#organization\",\"name\":\"La Herrada Home\",\"url\":\"https:\/\/laherradahome.es\/\",\"logo\":{\"@type\":\"ImageObject\",\"inLanguage\":\"en-US\",\"@id\":\"https:\/\/laherradahome.es\/#\/schema\/logo\/image\/\",\"url\":\"https:\/\/laherradahome.es\/wp-content\/uploads\/2025\/04\/logo_la_herrada_home-3.webp\",\"contentUrl\":\"https:\/\/laherradahome.es\/wp-content\/uploads\/2025\/04\/logo_la_herrada_home-3.webp\",\"width\":1000,\"height\":500,\"caption\":\"La Herrada Home\"},\"image\":{\"@id\":\"https:\/\/laherradahome.es\/#\/schema\/logo\/image\/\"},\"sameAs\":[\"https:\/\/www.facebook.com\/LaHerradaHome\/\",\"https:\/\/www.instagram.com\/laherradahome\/\"]}]}<\/script>\n<!-- \/ Yoast SEO plugin. -->","yoast_head_json":{"title":"Accessibility Policy - La Herrada Home","robots":{"index":"index","follow":"follow","max-snippet":"max-snippet:-1","max-image-preview":"max-image-preview:large","max-video-preview":"max-video-preview:-1"},"canonical":"https:\/\/laherradahome.es\/en\/accessibility-policy\/","og_locale":"en_US","og_type":"article","og_title":"Accessibility Policy - La Herrada Home","og_description":"ACCESSIBILITY POLICYThe company Gesti\u00f3n de Activos Inmobiliarios La Herrada SL is committed to making its website accessible in accordance with Royal Decree 1112\/2018, of September 7, on accessibility of websites and applications for mobile devices of the public sector, or developments funded from Europe.&nbsp; This accessibility statement applies to the following site https:\/\/laherradahome.esexcluding embedded content from other domains. Compliance status This website is fully compliant with Royal Decree 1112\/2018, making a description of non-accessible content unnecessary. There may be office documents in PDF or other formats published before September 20, 2018, that do not fully meet all accessibility requirements. There may also be third-party content that was not developed by this Unit, nor is it under its control, such as office documents from different organizations that must be published on this site. Preparation of this accessibility statementThis statement was prepared on May 5, 2025. The method used to update the statement has been an evaluation carried out by the company Proytec Inform\u00e1tica, S.C. Remarks and contact detailsYou can make communications on accessibility requirements [Article 10.2.a) of RD 1112\/2018] such as, for example: Report any possible non-compliance by this website. Report other difficulties in accessing the content. Submit any other questions or suggestions for improving the accessibility of the website through the contact form or by calling 966720048 from 9:00 a.m. to 2:00 p.m., Monday to Friday. You may submit: A complaint regarding compliance with the requirements of Royal Decree 1112\/2018. A request for accessible information related to: Contents that are excluded from the scope of application of RD 1112\/2018 as established by Article 3, paragraph 4. Content that is exempt from meeting accessibility requirements due to imposing a disproportionate burden. In the request for accessible information, the facts, reasons, and specific request must be clearly stated to demonstrate that it is a reasonable and legitimate request.","og_url":"https:\/\/laherradahome.es\/en\/accessibility-policy\/","og_site_name":"La Herrada Home","article_publisher":"https:\/\/www.facebook.com\/LaHerradaHome\/","article_modified_time":"2025-10-31T09:35:31+00:00","twitter_card":"summary_large_image","twitter_misc":{"Est. reading time":"1 minute"},"schema":{"@context":"https:\/\/schema.org","@graph":[{"@type":"WebPage","@id":"https:\/\/laherradahome.es\/en\/accessibility-policy\/","url":"https:\/\/laherradahome.es\/en\/accessibility-policy\/","name":"Accessibility Policy - La Herrada Home","isPartOf":{"@id":"https:\/\/laherradahome.es\/#website"},"datePublished":"2025-06-11T07:22:53+00:00","dateModified":"2025-10-31T09:35:31+00:00","breadcrumb":{"@id":"https:\/\/laherradahome.es\/en\/accessibility-policy\/#breadcrumb"},"inLanguage":"en-US","potentialAction":[{"@type":"ReadAction","target":["https:\/\/laherradahome.es\/en\/accessibility-policy\/"]}]},{"@type":"BreadcrumbList","@id":"https:\/\/laherradahome.es\/en\/accessibility-policy\/#breadcrumb","itemListElement":[{"@type":"ListItem","position":1,"name":"Portada","item":"https:\/\/laherradahome.es\/"},{"@type":"ListItem","position":2,"name":"Accessibility Policy"}]},{"@type":"WebSite","@id":"https:\/\/laherradahome.es\/#website","url":"https:\/\/laherradahome.es\/","name":"La Herrada Home","description":"La Herrada Home es un complejo vacacional moderno y acogedor situado en Los Montesinos - Alicante, en la Costa Blanca. Ofrecemos apartamentos tur\u00edsticos completamente equipados, ideales para disfrutar de una escapada relajante en un entorno mediterr\u00e1neo. Con instalaciones como piscina, jard\u00edn compartido, cafeter\u00eda y supermercado, y una ubicaci\u00f3n cercana a playas, campos de golf y parajes naturales, es el lugar perfecto para combinar descanso y comodidad.","publisher":{"@id":"https:\/\/laherradahome.es\/#organization"},"potentialAction":[{"@type":"SearchAction","target":{"@type":"EntryPoint","urlTemplate":"https:\/\/laherradahome.es\/?s={search_term_string}"},"query-input":{"@type":"PropertyValueSpecification","valueRequired":true,"valueName":"search_term_string"}}],"inLanguage":"en-US"},{"@type":"Organization","@id":"https:\/\/laherradahome.es\/#organization","name":"La Herrada Home","url":"https:\/\/laherradahome.es\/","logo":{"@type":"ImageObject","inLanguage":"en-US","@id":"https:\/\/laherradahome.es\/#\/schema\/logo\/image\/","url":"https:\/\/laherradahome.es\/wp-content\/uploads\/2025\/04\/logo_la_herrada_home-3.webp","contentUrl":"https:\/\/laherradahome.es\/wp-content\/uploads\/2025\/04\/logo_la_herrada_home-3.webp","width":1000,"height":500,"caption":"La Herrada Home"},"image":{"@id":"https:\/\/laherradahome.es\/#\/schema\/logo\/image\/"},"sameAs":["https:\/\/www.facebook.com\/LaHerradaHome\/","https:\/\/www.instagram.com\/laherradahome\/"]}]}},"_links":{"self":[{"href":"https:\/\/laherradahome.es\/en\/wp-json\/wp\/v2\/pages\/2536","targetHints":{"allow":["GET"]}}],"collection":[{"href":"https:\/\/laherradahome.es\/en\/wp-json\/wp\/v2\/pages"}],"about":[{"href":"https:\/\/laherradahome.es\/en\/wp-json\/wp\/v2\/types\/page"}],"author":[{"embeddable":true,"href":"https:\/\/laherradahome.es\/en\/wp-json\/wp\/v2\/users\/1"}],"replies":[{"embeddable":true,"href":"https:\/\/laherradahome.es\/en\/wp-json\/wp\/v2\/comments?post=2536"}],"version-history":[{"count":2,"href":"https:\/\/laherradahome.es\/en\/wp-json\/wp\/v2\/pages\/2536\/revisions"}],"predecessor-version":[{"id":3070,"href":"https:\/\/laherradahome.es\/en\/wp-json\/wp\/v2\/pages\/2536\/revisions\/3070"}],"wp:attachment":[{"href":"https:\/\/laherradahome.es\/en\/wp-json\/wp\/v2\/media?parent=2536"}],"curies":[{"name":"wp","href":"https:\/\/api.w.org\/{rel}","templated":true}]}}